{"id":2156,"date":"2024-03-02T20:59:23","date_gmt":"2024-03-02T20:59:23","guid":{"rendered":"http:\/\/visuagency.de\/imprint\/"},"modified":"2024-06-25T10:36:13","modified_gmt":"2024-06-25T10:36:13","slug":"imprint","status":"publish","type":"page","link":"https:\/\/visuagency.de\/en\/imprint\/","title":{"rendered":"Imprint"},"content":{"rendered":"\t\t<div data-elementor-type=\"wp-page\" data-elementor-id=\"2156\" class=\"elementor elementor-2156 elementor-1606\">\n\t\t\t\t<div class=\"elementor-element elementor-element-007d6ab e-flex e-con-boxed e-con e-parent\" data-id=\"007d6ab\" data-element_type=\"container\" data-e-type=\"container\">\n\t\t\t\t\t<div class=\"e-con-inner\">\n\t\t\t\t<div class=\"elementor-element elementor-element-f60cc6e elementor-widget elementor-widget-heading\" data-id=\"f60cc6e\" data-element_type=\"widget\" data-e-type=\"widget\" data-widget_type=\"heading.default\">\n\t\t\t\t<div class=\"elementor-widget-container\">\n\t\t\t\t\t<h2 class=\"elementor-heading-title elementor-size-default\">Imprint<\/h2>\t\t\t\t<\/div>\n\t\t\t\t<\/div>\n\t\t\t\t<div class=\"elementor-element elementor-element-347a0c3 elementor-widget elementor-widget-text-editor\" data-id=\"347a0c3\" data-element_type=\"widget\" data-e-type=\"widget\" data-widget_type=\"text-editor.default\">\n\t\t\t\t<div class=\"elementor-widget-container\">\n\t\t\t\t\t\t\t\t\t<p>Visua Agency O\u00dc<br \/>Harju maakond, Tallinn, N\u00f5mme linnaosa, P\u00e4rnu mnt 388b<br \/>11612 Tallinn<br \/>Estonia<\/p>\n<p>VAT: EE102708116<br \/>CEO: Sigrid Holzner<\/p>\n<p><b>Telephon<\/b><\/p>\n<p>+49 15259960533<\/p>\n<p><b>E-Mail<\/b><\/p>\n<p>design (@) visuagency.com<\/p>\n<p>Disclaimer<\/p>\n<p>Responsibility for content<\/p>\n<p>We attach great importance to the accuracy of the information provided on our website. Despite these efforts, we cannot assume any liability for the correctness, completeness and topicality of the information. According to \u00a7 7 paragraph 1 TMG we are responsible for our own information, which we provide for use, according to general laws. However, according to \u00a7\u00a7 8 to 10 TMG, we are not obliged to monitor transmitted or stored third-party information or to search for indications of illegal activity. Obligations to remove or block the use of information are subject to general laws and we can only be held liable from the time we become aware of a specific infringement. Should we become aware of such infringements, we will remove the content in question immediately.<\/p>\n<p>Responsibility for external links<\/p>\n<p>Our website contains links to external websites over whose design we have no influence. Therefore, we cannot accept any liability for these external contents. The respective provider or operator of the pages is always responsible for the content of the linked pages. The linked pages were checked for possible legal violations at the time of linking. Illegal contents were not recognisable at the time of linking. We cannot reasonably be expected to constantly check the content of the linked pages without concrete evidence. If we become aware of any legal infringements, we will remove such links immediately.<\/p>\n\t\t\t\t\t\t\t\t<\/div>\n\t\t\t\t<\/div>\n\t\t\t\t\t<\/div>\n\t\t\t\t<\/div>\n\t\t\t\t<\/div>\n\t\t","protected":false},"excerpt":{"rendered":"<p>Imprint Visua Agency O\u00dcHarju maakond, Tallinn, N\u00f5mme linnaosa, P\u00e4rnu mnt 388b11612 TallinnEstonia VAT: EE102708116CEO: Sigrid Holzner Telephon +49 15259960533 E-Mail design (@) visuagency.com Disclaimer Responsibility for content We attach great importance to the accuracy of the information provided on our website. Despite these efforts, we cannot assume any liability for the correctness, completeness and topicality [&hellip;]<\/p>\n","protected":false},"author":1,"featured_media":0,"parent":0,"menu_order":0,"comment_status":"closed","ping_status":"closed","template":"","meta":{"site-sidebar-layout":"no-sidebar","site-content-layout":"page-builder","ast-site-content-layout":"full-width-container","site-content-style":"default","site-sidebar-style":"default","ast-global-header-display":"","ast-banner-title-visibility":"","ast-main-header-display":"","ast-hfb-above-header-display":"","ast-hfb-below-header-display":"","ast-hfb-mobile-header-display":"","site-post-title":"disabled","ast-breadcrumbs-content":"","ast-featured-img":"disabled","footer-sml-layout":"","ast-disable-related-posts":"","theme-transparent-header-meta":"","adv-header-id-meta":"","stick-header-meta":"","header-above-stick-meta":"","header-main-stick-meta":"","header-below-stick-meta":"","astra-migrate-meta-layouts":"default","ast-page-background-enabled":"default","ast-page-background-meta":{"desktop":{"background-color":"","background-image":"","background-repeat":"repeat","background-position":"center center","background-size":"auto","background-attachment":"scroll","background-type":"","background-media":"","overlay-type":"","overlay-color":"","overlay-opacity":"","overlay-gradient":""},"tablet":{"background-color":"","background-image":"","background-repeat":"repeat","background-position":"center center","background-size":"auto","background-attachment":"scroll","background-type":"","background-media":"","overlay-type":"","overlay-color":"","overlay-opacity":"","overlay-gradient":""},"mobile":{"background-color":"","background-image":"","background-repeat":"repeat","background-position":"center center","background-size":"auto","background-attachment":"scroll","background-type":"","background-media":"","overlay-type":"","overlay-color":"","overlay-opacity":"","overlay-gradient":""}},"ast-content-background-meta":{"desktop":{"background-color":"var(--ast-global-color-5)","background-image":"","background-repeat":"repeat","background-position":"center center","background-size":"auto","background-attachment":"scroll","background-type":"","background-media":"","overlay-type":"","overlay-color":"","overlay-opacity":"","overlay-gradient":""},"tablet":{"background-color":"var(--ast-global-color-5)","background-image":"","background-repeat":"repeat","background-position":"center center","background-size":"auto","background-attachment":"scroll","background-type":"","background-media":"","overlay-type":"","overlay-color":"","overlay-opacity":"","overlay-gradient":""},"mobile":{"background-color":"var(--ast-global-color-5)","background-image":"","background-repeat":"repeat","background-position":"center center","background-size":"auto","background-attachment":"scroll","background-type":"","background-media":"","overlay-type":"","overlay-color":"","overlay-opacity":"","overlay-gradient":""}},"footnotes":""},"class_list":["post-2156","page","type-page","status-publish","hentry"],"_links":{"self":[{"href":"https:\/\/visuagency.de\/en\/wp-json\/wp\/v2\/pages\/2156","targetHints":{"allow":["GET"]}}],"collection":[{"href":"https:\/\/visuagency.de\/en\/wp-json\/wp\/v2\/pages"}],"about":[{"href":"https:\/\/visuagency.de\/en\/wp-json\/wp\/v2\/types\/page"}],"author":[{"embeddable":true,"href":"https:\/\/visuagency.de\/en\/wp-json\/wp\/v2\/users\/1"}],"replies":[{"embeddable":true,"href":"https:\/\/visuagency.de\/en\/wp-json\/wp\/v2\/comments?post=2156"}],"version-history":[{"count":8,"href":"https:\/\/visuagency.de\/en\/wp-json\/wp\/v2\/pages\/2156\/revisions"}],"predecessor-version":[{"id":2168,"href":"https:\/\/visuagency.de\/en\/wp-json\/wp\/v2\/pages\/2156\/revisions\/2168"}],"wp:attachment":[{"href":"https:\/\/visuagency.de\/en\/wp-json\/wp\/v2\/media?parent=2156"}],"curies":[{"name":"wp","href":"https:\/\/api.w.org\/{rel}","templated":true}]}}